{"id":190,"date":"2021-12-25T16:09:36","date_gmt":"2021-12-25T15:09:36","guid":{"rendered":"https:\/\/www.soniadabin.fr\/?page_id=190"},"modified":"2024-12-16T14:16:05","modified_gmt":"2024-12-16T13:16:05","slug":"acceuil","status":"publish","type":"page","link":"https:\/\/www.soniadabin.fr\/","title":{"rendered":"ACCUEIL"},"content":{"rendered":"\t\t<div data-elementor-type=\"wp-page\" data-elementor-id=\"190\" class=\"elementor elementor-190\" data-elementor-post-type=\"page\">\n\t\t\t\t\t\t<section class=\"elementor-section elementor-top-section elementor-element elementor-element-3ae56b8 elementor-hidden-mobile elementor-section-boxed elementor-section-height-default elementor-section-height-default\" data-id=\"3ae56b8\" data-element_type=\"section\">\n\t\t\t\t\t\t<div class=\"elementor-container elementor-column-gap-default\">\n\t\t\t\t\t<div class=\"elementor-column elementor-col-100 elementor-top-column elementor-element elementor-element-f01b5b6\" data-id=\"f01b5b6\" data-element_type=\"column\">\n\t\t\t<div class=\"elementor-widget-wrap elementor-element-populated\">\n\t\t\t\t\t\t\t<\/div>\n\t\t<\/div>\n\t\t\t\t\t<\/div>\n\t\t<\/section>\n\t\t\t\t<section class=\"elementor-section elementor-top-section elementor-element elementor-element-a105359 elementor-section-boxed elementor-section-height-default elementor-section-height-default\" data-id=\"a105359\" data-element_type=\"section\">\n\t\t\t\t\t\t<div class=\"elementor-container elementor-column-gap-default\">\n\t\t\t\t\t<div class=\"elementor-column elementor-col-100 elementor-top-column elementor-element elementor-element-d40c711 elementor-hidden-mobile\" data-id=\"d40c711\" data-element_type=\"column\">\n\t\t\t<div class=\"elementor-widget-wrap elementor-element-populated\">\n\t\t\t\t\t\t<div class=\"elementor-element elementor-element-c8deb97 elementor-widget__width-initial elementor-widget elementor-widget-heading\" data-id=\"c8deb97\" data-element_type=\"widget\" data-widget_type=\"heading.default\">\n\t\t\t\t\t<h4 class=\"elementor-heading-title elementor-size-default\"><b>Conseil<\/b> en d\u00e9coration et design d'espace \u2022 <b>Conception<\/b> d'agencements <span style=\", sans-serif;font-size: 15px;font-style: normal;font-weight: 500\">\u2022 <\/span><span style=\", sans-serif;font-size: 15px;font-style: normal\"><b>Sc\u00e9nographie<\/b><\/span><span style=\", sans-serif;font-size: 15px;font-style: normal;font-weight: 500\"> d'espaces <\/span><span style=\", sans-serif;font-size: 15px;font-style: normal;font-weight: 500\">\u2022 <\/span><span style=\", sans-serif;font-size: 15px;font-style: normal\"><b>Accompagnement<\/b><\/span><span style=\", sans-serif;font-size: 15px;font-style: normal;font-weight: 500\"> au suivi de travaux<\/span><br><\/h4>\t\t\t\t<\/div>\n\t\t\t\t\t<\/div>\n\t\t<\/div>\n\t\t\t\t\t<\/div>\n\t\t<\/section>\n\t\t\t\t<section class=\"elementor-section elementor-top-section elementor-element elementor-element-6ed3f90 elementor-hidden-tablet elementor-section-boxed elementor-section-height-default elementor-section-height-default\" data-id=\"6ed3f90\" data-element_type=\"section\">\n\t\t\t\t\t\t<div class=\"elementor-container elementor-column-gap-default\">\n\t\t\t\t\t<div class=\"elementor-column elementor-col-100 elementor-top-column elementor-element elementor-element-64b75c3 elementor-hidden-desktop\" data-id=\"64b75c3\" data-element_type=\"column\">\n\t\t\t<div class=\"elementor-widget-wrap elementor-element-populated\">\n\t\t\t\t\t\t<div class=\"elementor-element elementor-element-93dc753 elementor-widget__width-initial elementor-widget elementor-widget-heading\" data-id=\"93dc753\" data-element_type=\"widget\" data-widget_type=\"heading.default\">\n\t\t\t\t\t<h4 class=\"elementor-heading-title elementor-size-default\"><b>Conseil<\/b> en d\u00e9coration et design d'espace \u2022 <b>Conception<\/b> d'agencements<span style=\", sans-serif;font-size: 9px;font-style: normal;font-weight: 500\"> \u2022 <\/span><span style=\", sans-serif;font-size: 9px;font-style: normal\"><b>Sc\u00e9nographie<\/b><\/span><span style=\", sans-serif;font-size: 9px;font-style: normal;font-weight: 500\"> d'espaces <\/span><span style=\", sans-serif;font-size: 9px;font-style: normal;font-weight: 500\">\u2022 <\/span><span style=\", sans-serif;font-size: 9px;font-style: normal\"><b>Accompagnement<\/b><\/span><span style=\", sans-serif;font-size: 9px;font-style: normal;font-weight: 500\"> au suivi de travaux<\/span><\/h4>\t\t\t\t<\/div>\n\t\t\t\t\t<\/div>\n\t\t<\/div>\n\t\t\t\t\t<\/div>\n\t\t<\/section>\n\t\t\t\t<section class=\"elementor-section elementor-top-section elementor-element elementor-element-e2078b2 elementor-section-boxed elementor-section-height-default elementor-section-height-default\" data-id=\"e2078b2\" data-element_type=\"section\">\n\t\t\t\t\t\t<div class=\"elementor-container elementor-column-gap-default\">\n\t\t\t\t\t<div class=\"elementor-column elementor-col-100 elementor-top-column elementor-element elementor-element-b2891ee\" data-id=\"b2891ee\" data-element_type=\"column\">\n\t\t\t<div class=\"elementor-widget-wrap elementor-element-populated\">\n\t\t\t\t\t\t<div class=\"elementor-element elementor-element-4f8bfaa elementor-widget elementor-widget-image\" data-id=\"4f8bfaa\" data-element_type=\"widget\" data-widget_type=\"image.default\">\n\t\t\t\t\t\t\t\t\t\t\t\t\t\t\t<img fetchpriority=\"high\" decoding=\"async\" width=\"1920\" height=\"963\" src=\"https:\/\/mlxzhmno1pbe.i.optimole.com\/QmuC8mA-tt-YO7Kv\/w:auto\/h:auto\/q:auto\/https:\/\/www.soniadabin.fr\/wp-content\/uploads\/2022\/01\/Sans-titre-EtapeFinale72dpi.jpg\" class=\"attachment-full size-full wp-image-2327\" alt=\"\" \/>\t\t\t\t\t\t\t\t\t\t\t\t\t\t\t<\/div>\n\t\t\t\t\t<\/div>\n\t\t<\/div>\n\t\t\t\t\t<\/div>\n\t\t<\/section>\n\t\t\t\t<section class=\"elementor-section elementor-top-section elementor-element elementor-element-be6bd32 elementor-section-boxed elementor-section-height-default elementor-section-height-default\" data-id=\"be6bd32\" data-element_type=\"section\">\n\t\t\t\t\t\t<div class=\"elementor-container elementor-column-gap-default\">\n\t\t\t\t\t<div class=\"elementor-column elementor-col-100 elementor-top-column elementor-element elementor-element-7d9d430\" data-id=\"7d9d430\" data-element_type=\"column\">\n\t\t\t<div class=\"elementor-widget-wrap elementor-element-populated\">\n\t\t\t\t\t\t<div class=\"elementor-element elementor-element-f4f15c6 elementor-widget__width-initial elementor-widget elementor-widget-heading\" data-id=\"f4f15c6\" data-element_type=\"widget\" data-widget_type=\"heading.default\">\n\t\t\t\t\t<h4 class=\"elementor-heading-title elementor-size-default\"><a href=\"https:\/\/www.soniadabin.fr\/contact\/\" target=\"_blank\"><span style=\"color: #242828\">Qu\u2019il s\u2019agisse d\u2019une cr\u00e9ation ou d\u2019une r\u00e9novation, d\u2019ordre priv\u00e9 ou professionnel, d'un am\u00e9nagement int\u00e9rieur, ext\u00e9rieur, mobile ou \u00e9v\u00e9nementiel: <\/span><b>parlez-moi de votre projet.<\/b><\/a><\/h4>\t\t\t\t<\/div>\n\t\t\t\t\t<\/div>\n\t\t<\/div>\n\t\t\t\t\t<\/div>\n\t\t<\/section>\n\t\t\t\t<section class=\"elementor-section elementor-top-section elementor-element elementor-element-e00bfdf elementor-section-boxed elementor-section-height-default elementor-section-height-default\" data-id=\"e00bfdf\" data-element_type=\"section\">\n\t\t\t\t\t\t<div class=\"elementor-container elementor-column-gap-default\">\n\t\t\t\t\t<div class=\"elementor-column elementor-col-100 elementor-top-column elementor-element elementor-element-9403ace\" data-id=\"9403ace\" data-element_type=\"column\">\n\t\t\t<div class=\"elementor-widget-wrap elementor-element-populated\">\n\t\t\t\t\t\t<div class=\"elementor-element elementor-element-a9967f1 elementor-widget elementor-widget-gallery\" data-id=\"a9967f1\" data-element_type=\"widget\" data-settings=\"{&quot;columns&quot;:5,&quot;columns_mobile&quot;:5,&quot;gallery_layout&quot;:&quot;grid&quot;,&quot;columns_tablet&quot;:2,&quot;gap&quot;:{&quot;unit&quot;:&quot;px&quot;,&quot;size&quot;:10,&quot;sizes&quot;:[]},&quot;gap_tablet&quot;:{&quot;unit&quot;:&quot;px&quot;,&quot;size&quot;:10,&quot;sizes&quot;:[]},&quot;gap_mobile&quot;:{&quot;unit&quot;:&quot;px&quot;,&quot;size&quot;:10,&quot;sizes&quot;:[]},&quot;link_to&quot;:&quot;file&quot;,&quot;aspect_ratio&quot;:&quot;3:2&quot;,&quot;content_hover_animation&quot;:&quot;fade-in&quot;}\" data-widget_type=\"gallery.default\">\n\t\t\t\t\t\t\t<div class=\"elementor-gallery__container\">\n\t\t\t\t\t\t\t<a class=\"e-gallery-item elementor-gallery-item elementor-animated-content\" href=\"https:\/\/mlxzhmno1pbe.i.optimole.com\/QmuC8mA-BnjQ7B88\/w:auto\/h:auto\/q:auto\/https:\/\/www.soniadabin.fr\/wp-content\/uploads\/2023\/04\/20220504SoniaDabinCamionPHOTO-LOGO-9423-scaled.jpg\" data-elementor-open-lightbox=\"yes\" data-elementor-lightbox-slideshow=\"a9967f1\" data-elementor-lightbox-title=\"SONIA DABIN. DESIGN &amp; DECORATION\" data-e-action-hash=\"#elementor-action%3Aaction%3Dlightbox%26settings%3DeyJpZCI6Mzg5NiwidXJsIjoiaHR0cHM6XC9cL3d3dy5zb25pYWRhYmluLmZyXC93cC1jb250ZW50XC91cGxvYWRzXC8yMDIzXC8wNFwvMjAyMjA1MDRTb25pYURhYmluQ2FtaW9uUEhPVE8tTE9HTy05NDIzLXNjYWxlZC5qcGciLCJzbGlkZXNob3ciOiJhOTk2N2YxIn0%3D\">\n\t\t\t\t\t<div class=\"e-gallery-image elementor-gallery-item__image\" data-thumbnail=\"https:\/\/mlxzhmno1pbe.i.optimole.com\/QmuC8mA-OiRT1Iyb\/w:300\/h:195\/q:auto\/https:\/\/www.soniadabin.fr\/wp-content\/uploads\/2023\/04\/20220504SoniaDabinCamionPHOTO-LOGO-9423.jpg\" data-width=\"300\" data-height=\"195\" aria-label=\"\" role=\"img\" ><\/div>\n\t\t\t\t\t\t\t\t\t\t\t\t\t\t<\/a>\n\t\t\t\t\t\t\t<a class=\"e-gallery-item elementor-gallery-item elementor-animated-content\" href=\"https:\/\/mlxzhmno1pbe.i.optimole.com\/QmuC8mA-k8xBUeED\/w:auto\/h:auto\/q:auto\/https:\/\/www.soniadabin.fr\/wp-content\/uploads\/2023\/04\/20220504SoniaDabinCamionPHOTO-LOGO-9659-scaled.jpg\" data-elementor-open-lightbox=\"yes\" data-elementor-lightbox-slideshow=\"a9967f1\" data-elementor-lightbox-title=\"SONIA DABIN. DESIGN &amp; DECORATION\" data-e-action-hash=\"#elementor-action%3Aaction%3Dlightbox%26settings%3DeyJpZCI6Mzg5NywidXJsIjoiaHR0cHM6XC9cL3d3dy5zb25pYWRhYmluLmZyXC93cC1jb250ZW50XC91cGxvYWRzXC8yMDIzXC8wNFwvMjAyMjA1MDRTb25pYURhYmluQ2FtaW9uUEhPVE8tTE9HTy05NjU5LXNjYWxlZC5qcGciLCJzbGlkZXNob3ciOiJhOTk2N2YxIn0%3D\">\n\t\t\t\t\t<div class=\"e-gallery-image elementor-gallery-item__image\" data-thumbnail=\"https:\/\/mlxzhmno1pbe.i.optimole.com\/QmuC8mA-AuOSM0tF\/w:300\/h:192\/q:auto\/https:\/\/www.soniadabin.fr\/wp-content\/uploads\/2023\/04\/20220504SoniaDabinCamionPHOTO-LOGO-9659.jpg\" data-width=\"300\" data-height=\"192\" aria-label=\"\" role=\"img\" ><\/div>\n\t\t\t\t\t\t\t\t\t\t\t\t\t\t<\/a>\n\t\t\t\t\t\t\t<a class=\"e-gallery-item elementor-gallery-item elementor-animated-content\" href=\"https:\/\/mlxzhmno1pbe.i.optimole.com\/QmuC8mA-LHyuaQKe\/w:auto\/h:auto\/q:auto\/https:\/\/www.soniadabin.fr\/wp-content\/uploads\/2022\/09\/20220504SoniaDabinCamionPHOTO-1605-Large.png\" data-elementor-open-lightbox=\"yes\" data-elementor-lightbox-slideshow=\"a9967f1\" data-elementor-lightbox-title=\"SONIA DABIN. DESIGN &amp; DECORATION\" data-e-action-hash=\"#elementor-action%3Aaction%3Dlightbox%26settings%3DeyJpZCI6MzgxOCwidXJsIjoiaHR0cHM6XC9cL3d3dy5zb25pYWRhYmluLmZyXC93cC1jb250ZW50XC91cGxvYWRzXC8yMDIyXC8wOVwvMjAyMjA1MDRTb25pYURhYmluQ2FtaW9uUEhPVE8tMTYwNS1MYXJnZS5wbmciLCJzbGlkZXNob3ciOiJhOTk2N2YxIn0%3D\">\n\t\t\t\t\t<div class=\"e-gallery-image elementor-gallery-item__image\" data-thumbnail=\"https:\/\/mlxzhmno1pbe.i.optimole.com\/QmuC8mA-LHyuaQKe\/w:300\/h:200\/q:auto\/https:\/\/www.soniadabin.fr\/wp-content\/uploads\/2022\/09\/20220504SoniaDabinCamionPHOTO-1605-Large.png\" data-width=\"300\" data-height=\"200\" aria-label=\"\" role=\"img\" ><\/div>\n\t\t\t\t\t\t\t\t\t\t\t\t\t\t<\/a>\n\t\t\t\t\t\t\t<a class=\"e-gallery-item elementor-gallery-item elementor-animated-content\" href=\"https:\/\/mlxzhmno1pbe.i.optimole.com\/QmuC8mA-7NVKn1W4\/w:auto\/h:auto\/q:auto\/https:\/\/www.soniadabin.fr\/wp-content\/uploads\/2022\/05\/20220504soniadabincamionphoto-1454_lzYXPfiS.jpg\" data-elementor-open-lightbox=\"yes\" data-elementor-lightbox-slideshow=\"a9967f1\" data-elementor-lightbox-title=\"SONIA DABIN. DESIGN &amp; DECORATION\" data-e-action-hash=\"#elementor-action%3Aaction%3Dlightbox%26settings%3DeyJpZCI6MzYyMSwidXJsIjoiaHR0cHM6XC9cL3d3dy5zb25pYWRhYmluLmZyXC93cC1jb250ZW50XC91cGxvYWRzXC8yMDIyXC8wNVwvMjAyMjA1MDRzb25pYWRhYmluY2FtaW9ucGhvdG8tMTQ1NF9sellYUGZpUy5qcGciLCJzbGlkZXNob3ciOiJhOTk2N2YxIn0%3D\">\n\t\t\t\t\t<div class=\"e-gallery-image elementor-gallery-item__image\" data-thumbnail=\"https:\/\/mlxzhmno1pbe.i.optimole.com\/QmuC8mA-7NVKn1W4\/w:auto\/h:auto\/q:auto\/https:\/\/www.soniadabin.fr\/wp-content\/uploads\/2022\/05\/20220504soniadabincamionphoto-1454_lzYXPfiS.jpg\" data-width=\"1\" data-height=\"1\" aria-label=\"\" role=\"img\" ><\/div>\n\t\t\t\t\t\t\t\t\t\t\t\t\t\t<\/a>\n\t\t\t\t\t\t\t<a class=\"e-gallery-item elementor-gallery-item elementor-animated-content\" href=\"https:\/\/mlxzhmno1pbe.i.optimole.com\/QmuC8mA-ixymRPdO\/w:auto\/h:auto\/q:auto\/https:\/\/www.soniadabin.fr\/wp-content\/uploads\/2022\/09\/20220504SoniaDabinCamionPHOTO-1648-scaled.jpg\" data-elementor-open-lightbox=\"yes\" data-elementor-lightbox-slideshow=\"a9967f1\" data-elementor-lightbox-title=\"SONIA DABIN. DESIGN &amp; DECORATION\" data-e-action-hash=\"#elementor-action%3Aaction%3Dlightbox%26settings%3DeyJpZCI6MzgxNiwidXJsIjoiaHR0cHM6XC9cL3d3dy5zb25pYWRhYmluLmZyXC93cC1jb250ZW50XC91cGxvYWRzXC8yMDIyXC8wOVwvMjAyMjA1MDRTb25pYURhYmluQ2FtaW9uUEhPVE8tMTY0OC1zY2FsZWQuanBnIiwic2xpZGVzaG93IjoiYTk5NjdmMSJ9\">\n\t\t\t\t\t<div class=\"e-gallery-image elementor-gallery-item__image\" data-thumbnail=\"https:\/\/mlxzhmno1pbe.i.optimole.com\/QmuC8mA-LT-bWwbI\/w:300\/h:179\/q:auto\/https:\/\/www.soniadabin.fr\/wp-content\/uploads\/2022\/09\/20220504SoniaDabinCamionPHOTO-1648.jpg\" data-width=\"300\" data-height=\"179\" aria-label=\"\" role=\"img\" ><\/div>\n\t\t\t\t\t\t\t\t\t\t\t\t\t\t<\/a>\n\t\t\t\t\t<\/div>\n\t\t\t\t\t<\/div>\n\t\t\t\t\t<\/div>\n\t\t<\/div>\n\t\t\t\t\t<\/div>\n\t\t<\/section>\n\t\t\t\t<section class=\"elementor-section elementor-top-section elementor-element elementor-element-adcd3d3 elementor-section-boxed elementor-section-height-default elementor-section-height-default\" data-id=\"adcd3d3\" data-element_type=\"section\">\n\t\t\t\t\t\t<div class=\"elementor-container elementor-column-gap-default\">\n\t\t\t\t\t<div class=\"elementor-column elementor-col-100 elementor-top-column elementor-element elementor-element-b2902c5\" data-id=\"b2902c5\" data-element_type=\"column\">\n\t\t\t<div class=\"elementor-widget-wrap elementor-element-populated\">\n\t\t\t\t\t\t<div class=\"elementor-element elementor-element-60734ba elementor-widget__width-initial elementor-widget elementor-widget-heading\" data-id=\"60734ba\" data-element_type=\"widget\" data-widget_type=\"heading.default\">\n\t\t\t\t\t<h2 class=\"elementor-heading-title elementor-size-default\"><a href=\"https:\/\/www.soniadabin.fr\/contact\/\" target=\"_blank\"><b>Concept unique<\/b> <br \/>  Au volant de mon camion, je viens \u00e0 vous !<\/a><\/h2>\t\t\t\t<\/div>\n\t\t\t\t\t<\/div>\n\t\t<\/div>\n\t\t\t\t\t<\/div>\n\t\t<\/section>\n\t\t\t\t<\/div>\n\t\t","protected":false},"excerpt":{"rendered":"<p>Conseil en d\u00e9coration et design d&#8217;espace \u2022 Conception d&#8217;agencements \u2022 Sc\u00e9nographie d&#8217;espaces \u2022 Accompagnement au suivi de travaux Conseil en d\u00e9coration et design d&#8217;espace \u2022 Conception d&#8217;agencements \u2022 Sc\u00e9nographie d&#8217;espaces \u2022 Accompagnement au suivi de travaux Qu\u2019il s\u2019agisse d\u2019une cr\u00e9ation ou d\u2019une r\u00e9novation, d\u2019ordre priv\u00e9 ou professionnel, d&#8217;un am\u00e9nagement int\u00e9rieur, ext\u00e9rieur, mobile ou \u00e9v\u00e9nementiel: parlez-moi [&hellip;]<\/p>\n","protected":false},"author":1,"featured_media":0,"parent":0,"menu_order":0,"comment_status":"closed","ping_status":"closed","template":"elementor_header_footer","meta":{"footnotes":""},"class_list":["post-190","page","type-page","status-publish","hentry","entry"],"_links":{"self":[{"href":"https:\/\/www.soniadabin.fr\/index.php?rest_route=\/wp\/v2\/pages\/190","targetHints":{"allow":["GET"]}}],"collection":[{"href":"https:\/\/www.soniadabin.fr\/index.php?rest_route=\/wp\/v2\/pages"}],"about":[{"href":"https:\/\/www.soniadabin.fr\/index.php?rest_route=\/wp\/v2\/types\/page"}],"author":[{"embeddable":true,"href":"https:\/\/www.soniadabin.fr\/index.php?rest_route=\/wp\/v2\/users\/1"}],"replies":[{"embeddable":true,"href":"https:\/\/www.soniadabin.fr\/index.php?rest_route=%2Fwp%2Fv2%2Fcomments&post=190"}],"version-history":[{"count":496,"href":"https:\/\/www.soniadabin.fr\/index.php?rest_route=\/wp\/v2\/pages\/190\/revisions"}],"predecessor-version":[{"id":4110,"href":"https:\/\/www.soniadabin.fr\/index.php?rest_route=\/wp\/v2\/pages\/190\/revisions\/4110"}],"wp:attachment":[{"href":"https:\/\/www.soniadabin.fr\/index.php?rest_route=%2Fwp%2Fv2%2Fmedia&parent=190"}],"curies":[{"name":"wp","href":"https:\/\/api.w.org\/{rel}","templated":true}]}}