{"id":199,"date":"2021-12-25T16:14:31","date_gmt":"2021-12-25T15:14:31","guid":{"rendered":"https:\/\/www.soniadabin.fr\/?page_id=199"},"modified":"2024-12-17T13:08:04","modified_gmt":"2024-12-17T12:08:04","slug":"contact","status":"publish","type":"page","link":"https:\/\/www.soniadabin.fr\/?page_id=199","title":{"rendered":"CONTACT"},"content":{"rendered":"\t\t<div data-elementor-type=\"wp-page\" data-elementor-id=\"199\" class=\"elementor elementor-199\" data-elementor-post-type=\"page\">\n\t\t\t\t\t\t<section class=\"elementor-section elementor-top-section elementor-element elementor-element-2578099 elementor-section-boxed elementor-section-height-default elementor-section-height-default\" data-id=\"2578099\" data-element_type=\"section\">\n\t\t\t\t\t\t<div class=\"elementor-container elementor-column-gap-default\">\n\t\t\t\t\t<div class=\"elementor-column elementor-col-50 elementor-top-column elementor-element elementor-element-50dbfc4\" data-id=\"50dbfc4\" data-element_type=\"column\">\n\t\t\t<div class=\"elementor-widget-wrap elementor-element-populated\">\n\t\t\t\t\t\t<div class=\"elementor-element elementor-element-fdc3a55 elementor-widget__width-initial elementor-widget elementor-widget-heading\" data-id=\"fdc3a55\" data-element_type=\"widget\" data-widget_type=\"heading.default\">\n\t\t\t\t\t<h4 class=\"elementor-heading-title elementor-size-default\"><b>Avec vous<\/b>, de l\u2019id\u00e9e \u00e0 la r\u00e9alisation<br> en Pays de Rance - Emeraude.\n<\/h4>\t\t\t\t<\/div>\n\t\t\t\t<section class=\"elementor-section elementor-inner-section elementor-element elementor-element-d13d33f elementor-section-boxed elementor-section-height-default elementor-section-height-default\" data-id=\"d13d33f\" data-element_type=\"section\">\n\t\t\t\t\t\t<div class=\"elementor-container elementor-column-gap-default\">\n\t\t\t\t\t<div class=\"elementor-column elementor-col-33 elementor-inner-column elementor-element elementor-element-cc92382\" data-id=\"cc92382\" data-element_type=\"column\">\n\t\t\t<div class=\"elementor-widget-wrap elementor-element-populated\">\n\t\t\t\t\t\t<div class=\"elementor-element elementor-element-e6c3a3c elementor-widget__width-initial elementor-widget elementor-widget-heading\" data-id=\"e6c3a3c\" data-element_type=\"widget\" data-widget_type=\"heading.default\">\n\t\t\t\t\t<h3 class=\"elementor-heading-title elementor-size-default\">T\u00e9l\u00e9phone<\/h3>\t\t\t\t<\/div>\n\t\t\t\t<div class=\"elementor-element elementor-element-17450d6 elementor-icon-list--layout-traditional elementor-list-item-link-full_width elementor-widget elementor-widget-icon-list\" data-id=\"17450d6\" data-element_type=\"widget\" data-widget_type=\"icon-list.default\">\n\t\t\t\t\t\t\t<ul class=\"elementor-icon-list-items\">\n\t\t\t\t\t\t\t<li class=\"elementor-icon-list-item\">\n\t\t\t\t\t\t\t\t\t\t<span class=\"elementor-icon-list-text\">06 28 73 29 27<\/span>\n\t\t\t\t\t\t\t\t\t<\/li>\n\t\t\t\t\t\t<\/ul>\n\t\t\t\t\t\t<\/div>\n\t\t\t\t\t<\/div>\n\t\t<\/div>\n\t\t\t\t<div class=\"elementor-column elementor-col-33 elementor-inner-column elementor-element elementor-element-51bab03\" data-id=\"51bab03\" data-element_type=\"column\">\n\t\t\t<div class=\"elementor-widget-wrap elementor-element-populated\">\n\t\t\t\t\t\t<div class=\"elementor-element elementor-element-c1315f1 elementor-widget__width-initial elementor-widget elementor-widget-heading\" data-id=\"c1315f1\" data-element_type=\"widget\" data-widget_type=\"heading.default\">\n\t\t\t\t\t<h3 class=\"elementor-heading-title elementor-size-default\">Email<\/h3>\t\t\t\t<\/div>\n\t\t\t\t<div class=\"elementor-element elementor-element-4e6e65a elementor-widget elementor-widget-text-editor\" data-id=\"4e6e65a\" data-element_type=\"widget\" data-widget_type=\"text-editor.default\">\n\t\t\t\t\t\t\t\t\t<p><a href=\"mailto:info@soniadabin.fr\">info@soniadabin.fr<\/a><\/p>\t\t\t\t\t\t\t\t<\/div>\n\t\t\t\t\t<\/div>\n\t\t<\/div>\n\t\t\t\t<div class=\"elementor-column elementor-col-33 elementor-inner-column elementor-element elementor-element-6a2dc6e\" data-id=\"6a2dc6e\" data-element_type=\"column\">\n\t\t\t<div class=\"elementor-widget-wrap elementor-element-populated\">\n\t\t\t\t\t\t<div class=\"elementor-element elementor-element-5a1f52a elementor-widget__width-inherit e-grid-align-mobile-left elementor-shape-rounded elementor-grid-0 e-grid-align-center elementor-widget elementor-widget-social-icons\" data-id=\"5a1f52a\" data-element_type=\"widget\" data-widget_type=\"social-icons.default\">\n\t\t\t\t\t\t\t<div class=\"elementor-social-icons-wrapper elementor-grid\">\n\t\t\t\t\t\t\t<span class=\"elementor-grid-item\">\n\t\t\t\t\t<a class=\"elementor-icon elementor-social-icon elementor-social-icon-facebook elementor-animation-shrink elementor-repeater-item-82e35a9\" href=\"https:\/\/www.facebook.com\/soniadabindesigndecoration\" target=\"_blank\">\n\t\t\t\t\t\t<span class=\"elementor-screen-only\">Facebook<\/span>\n\t\t\t\t\t\t<svg class=\"e-font-icon-svg e-fab-facebook\" viewBox=\"0 0 512 512\" xmlns=\"http:\/\/www.w3.org\/2000\/svg\"><path d=\"M504 256C504 119 393 8 256 8S8 119 8 256c0 123.78 90.69 226.38 209.25 245V327.69h-63V256h63v-54.64c0-62.15 37-96.48 93.67-96.48 27.14 0 55.52 4.84 55.52 4.84v61h-31.28c-30.8 0-40.41 19.12-40.41 38.73V256h68.78l-11 71.69h-57.78V501C413.31 482.38 504 379.78 504 256z\"><\/path><\/svg>\t\t\t\t\t<\/a>\n\t\t\t\t<\/span>\n\t\t\t\t\t\t\t<span class=\"elementor-grid-item\">\n\t\t\t\t\t<a class=\"elementor-icon elementor-social-icon elementor-social-icon-instagram elementor-animation-shrink elementor-repeater-item-455971c\" href=\"https:\/\/www.instagram.com\/soniadabin\/\" target=\"_blank\">\n\t\t\t\t\t\t<span class=\"elementor-screen-only\">Instagram<\/span>\n\t\t\t\t\t\t<svg class=\"e-font-icon-svg e-fab-instagram\" viewBox=\"0 0 448 512\" xmlns=\"http:\/\/www.w3.org\/2000\/svg\"><path d=\"M224.1 141c-63.6 0-114.9 51.3-114.9 114.9s51.3 114.9 114.9 114.9S339 319.5 339 255.9 287.7 141 224.1 141zm0 189.6c-41.1 0-74.7-33.5-74.7-74.7s33.5-74.7 74.7-74.7 74.7 33.5 74.7 74.7-33.6 74.7-74.7 74.7zm146.4-194.3c0 14.9-12 26.8-26.8 26.8-14.9 0-26.8-12-26.8-26.8s12-26.8 26.8-26.8 26.8 12 26.8 26.8zm76.1 27.2c-1.7-35.9-9.9-67.7-36.2-93.9-26.2-26.2-58-34.4-93.9-36.2-37-2.1-147.9-2.1-184.9 0-35.8 1.7-67.6 9.9-93.9 36.1s-34.4 58-36.2 93.9c-2.1 37-2.1 147.9 0 184.9 1.7 35.9 9.9 67.7 36.2 93.9s58 34.4 93.9 36.2c37 2.1 147.9 2.1 184.9 0 35.9-1.7 67.7-9.9 93.9-36.2 26.2-26.2 34.4-58 36.2-93.9 2.1-37 2.1-147.8 0-184.8zM398.8 388c-7.8 19.6-22.9 34.7-42.6 42.6-29.5 11.7-99.5 9-132.1 9s-102.7 2.6-132.1-9c-19.6-7.8-34.7-22.9-42.6-42.6-11.7-29.5-9-99.5-9-132.1s-2.6-102.7 9-132.1c7.8-19.6 22.9-34.7 42.6-42.6 29.5-11.7 99.5-9 132.1-9s102.7-2.6 132.1 9c19.6 7.8 34.7 22.9 42.6 42.6 11.7 29.5 9 99.5 9 132.1s2.7 102.7-9 132.1z\"><\/path><\/svg>\t\t\t\t\t<\/a>\n\t\t\t\t<\/span>\n\t\t\t\t\t<\/div>\n\t\t\t\t\t\t<\/div>\n\t\t\t\t\t<\/div>\n\t\t<\/div>\n\t\t\t\t\t<\/div>\n\t\t<\/section>\n\t\t\t\t<div class=\"elementor-element elementor-element-9d93f42 elementor-widget__width-initial elementor-hidden-desktop elementor-hidden-tablet elementor-widget elementor-widget-heading\" data-id=\"9d93f42\" data-element_type=\"widget\" data-widget_type=\"heading.default\">\n\t\t\t\t\t<h4 class=\"elementor-heading-title elementor-size-default\"><b>Ensemble<\/b>, d\u00e9roulement<\/h4>\t\t\t\t<\/div>\n\t\t\t\t<div class=\"elementor-element elementor-element-0939c2e elementor-widget__width-auto elementor-widget elementor-widget-image\" data-id=\"0939c2e\" data-element_type=\"widget\" data-widget_type=\"image.default\">\n\t\t\t\t\t\t\t\t\t\t\t\t\t\t\t<img fetchpriority=\"high\" decoding=\"async\" width=\"2560\" height=\"1673\" src=\"https:\/\/mlxzhmno1pbe.i.optimole.com\/QmuC8mA-kav_peNu\/w:auto\/h:auto\/q:auto\/https:\/\/www.soniadabin.fr\/wp-content\/uploads\/2022\/05\/20220504soniadabincamionphoto-1454_lzYXPfiS-min-2-scaled.jpg\" class=\"attachment-full size-full wp-image-3625\" alt=\"\" \/>\t\t\t\t\t\t\t\t\t\t\t\t\t\t\t<\/div>\n\t\t\t\t<div class=\"elementor-element elementor-element-1f9ccbb elementor-widget__width-auto elementor-hidden-tablet elementor-hidden-mobile elementor-widget elementor-widget-image\" data-id=\"1f9ccbb\" data-element_type=\"widget\" data-widget_type=\"image.default\">\n\t\t\t\t\t\t\t\t\t\t\t\t\t\t\t<img decoding=\"async\" width=\"2560\" height=\"828\" src=\"https:\/\/mlxzhmno1pbe.i.optimole.com\/QmuC8mA-J-9guV64\/w:auto\/h:auto\/q:auto\/https:\/\/www.soniadabin.fr\/wp-content\/uploads\/2022\/05\/20220504SoniaDabinCamionPHOTO-1548-min-1-scaled.jpg\" class=\"attachment-full size-full wp-image-3643\" alt=\"\" \/>\t\t\t\t\t\t\t\t\t\t\t\t\t\t\t<\/div>\n\t\t\t\t\t<\/div>\n\t\t<\/div>\n\t\t\t\t<div class=\"elementor-column elementor-col-50 elementor-top-column elementor-element elementor-element-05440ae\" data-id=\"05440ae\" data-element_type=\"column\" data-settings=\"{&quot;background_background&quot;:&quot;classic&quot;}\">\n\t\t\t<div class=\"elementor-widget-wrap elementor-element-populated\">\n\t\t\t\t\t\t<div class=\"elementor-element elementor-element-70dd2c6 elementor-hidden-mobile elementor-widget-divider--view-line elementor-widget elementor-widget-divider\" data-id=\"70dd2c6\" data-element_type=\"widget\" data-widget_type=\"divider.default\">\n\t\t\t\t\t\t\t<div class=\"elementor-divider\">\n\t\t\t<span class=\"elementor-divider-separator\">\n\t\t\t\t\t\t<\/span>\n\t\t<\/div>\n\t\t\t\t\t\t<\/div>\n\t\t\t\t<div class=\"elementor-element elementor-element-303d0bb elementor-widget__width-initial elementor-widget elementor-widget-heading\" data-id=\"303d0bb\" data-element_type=\"widget\" data-widget_type=\"heading.default\">\n\t\t\t\t\t<h4 class=\"elementor-heading-title elementor-size-default\"><b>Ensemble<\/b>, d\u00e9roulement<\/h4>\t\t\t\t<\/div>\n\t\t\t\t<div class=\"elementor-element elementor-element-e2b2cac elementor-widget__width-initial elementor-widget elementor-widget-text-editor\" data-id=\"e2b2cac\" data-element_type=\"widget\" data-widget_type=\"text-editor.default\">\n\t\t\t\t\t\t\t\t\t<h3><strong>1. Prise de contact et \u00e9change t\u00e9l\u00e9phonique.<\/strong><\/h3>\n<h3><strong style=\"font-size: 15px; letter-spacing: 0px;\">2. Rendez-vous<\/strong><strong style=\"font-size: 15px; letter-spacing: 0px;\">&nbsp;chez vous.<\/strong><\/h3>\n<h5 style=\"padding-left: 40px; text-align: left;\">&#8211;&nbsp;Analyse de l\u2019espace.<\/h5>\n<h5 style=\"padding-left: 40px;\">&#8211; Echanges sur vos attentes, vos go\u00fbts, vos id\u00e9es, votre budget.<\/h5>\n<h5 style=\"padding-left: 40px;\">&#8211; Discussion autour des solutions et styles envisageables.<\/h5>\n<h5 style=\"padding-left: 40px;\">&#8211; R\u00e9cup\u00e9ration des plans, prise de cotes et s\u00e9ance photos.<\/h5>\n<h5 style=\"padding-left: 40px;\">&#8211; Estimation de l\u2019accompagnement souhait\u00e9 :<br>accompagnement complet jusqu\u2019\u00e0 la r\u00e9alisation ;<br>simple conseil couleur, lumi\u00e8re, choix de mobilier, &#8230; qui vous permettra de poursuivre seul sereinement.<\/h5>\n<h5>Forfait pour ce rendez-vous d\u2019\u00e9tape \u00ab D\u00e9couverte \u00bb<br>2h + d\u00e9placement * : 280 \u20ac TTC **<\/h5>\n<h5><strong>3. Pr\u00e9sentation du devis pour une prestation personnalis\u00e9e.<\/strong><\/h5>\n<h5><b>4. D\u00e9marrage de la phase d\u2019\u00e9tude du devis pr\u00e9sent\u00e9.<\/b><\/h5>\n<h6>&nbsp;<\/h6>\n<h6 style=\"text-align: left;\"><em>* inclus au forfait dans la limite de 25 km autour de Dinan<br><\/em><br><\/h6>\t\t\t\t\t\t\t\t<\/div>\n\t\t\t\t\t<\/div>\n\t\t<\/div>\n\t\t\t\t\t<\/div>\n\t\t<\/section>\n\t\t\t\t<section class=\"elementor-section elementor-top-section elementor-element elementor-element-40b2285 elementor-section-boxed elementor-section-height-default elementor-section-height-default\" data-id=\"40b2285\" data-element_type=\"section\">\n\t\t\t\t\t\t<div class=\"elementor-container elementor-column-gap-default\">\n\t\t\t\t\t<div class=\"elementor-column elementor-col-100 elementor-top-column elementor-element elementor-element-51a09a4\" data-id=\"51a09a4\" data-element_type=\"column\">\n\t\t\t<div class=\"elementor-widget-wrap elementor-element-populated\">\n\t\t\t\t\t\t<div class=\"elementor-element elementor-element-c32f0cd elementor-widget elementor-widget-gallery\" data-id=\"c32f0cd\" data-element_type=\"widget\" data-settings=\"{&quot;columns&quot;:5,&quot;lazyload&quot;:&quot;yes&quot;,&quot;gallery_layout&quot;:&quot;grid&quot;,&quot;columns_tablet&quot;:2,&quot;columns_mobile&quot;:1,&quot;gap&quot;:{&quot;unit&quot;:&quot;px&quot;,&quot;size&quot;:10,&quot;sizes&quot;:[]},&quot;gap_tablet&quot;:{&quot;unit&quot;:&quot;px&quot;,&quot;size&quot;:10,&quot;sizes&quot;:[]},&quot;gap_mobile&quot;:{&quot;unit&quot;:&quot;px&quot;,&quot;size&quot;:10,&quot;sizes&quot;:[]},&quot;link_to&quot;:&quot;file&quot;,&quot;aspect_ratio&quot;:&quot;3:2&quot;,&quot;content_hover_animation&quot;:&quot;fade-in&quot;}\" data-widget_type=\"gallery.default\">\n\t\t\t\t\t\t\t<div class=\"elementor-gallery__container\">\n\t\t\t\t\t\t\t<a class=\"e-gallery-item elementor-gallery-item elementor-animated-content\" href=\"https:\/\/mlxzhmno1pbe.i.optimole.com\/QmuC8mA-zPsBy-xQ\/w:auto\/h:auto\/q:auto\/https:\/\/www.soniadabin.fr\/wp-content\/uploads\/2022\/09\/20220504SoniaDabinCamionPHOTO-9423-Large.png\" data-elementor-open-lightbox=\"yes\" data-elementor-lightbox-slideshow=\"c32f0cd\" data-elementor-lightbox-title=\"Sonia Dabin D\u00e9coratrice Dinannaise dans son camion\/bureau d&#039;\u00e9tude itin\u00e9rant\" data-elementor-lightbox-description=\"Sonia Dabin D\u00e9coratrice Dinannaise dans son camion\/bureau d&#039;\u00e9tude itin\u00e9rant \" data-e-action-hash=\"#elementor-action%3Aaction%3Dlightbox%26settings%3DeyJpZCI6MzgyMiwidXJsIjoiaHR0cHM6XC9cL3d3dy5zb25pYWRhYmluLmZyXC93cC1jb250ZW50XC91cGxvYWRzXC8yMDIyXC8wOVwvMjAyMjA1MDRTb25pYURhYmluQ2FtaW9uUEhPVE8tOTQyMy1MYXJnZS5wbmciLCJzbGlkZXNob3ciOiJjMzJmMGNkIn0%3D\">\n\t\t\t\t\t<div class=\"e-gallery-image elementor-gallery-item__image\" data-thumbnail=\"https:\/\/mlxzhmno1pbe.i.optimole.com\/QmuC8mA-zPsBy-xQ\/w:300\/h:195\/q:auto\/https:\/\/www.soniadabin.fr\/wp-content\/uploads\/2022\/09\/20220504SoniaDabinCamionPHOTO-9423-Large.png\" data-width=\"300\" data-height=\"195\" aria-label=\"Sonia Dabin D\u00e9coratrice Dinannaise dans son camion\/bureau d&#039;\u00e9tude itin\u00e9rant\" role=\"img\" ><\/div>\n\t\t\t\t\t\t\t\t\t\t\t\t\t\t<\/a>\n\t\t\t\t\t\t\t<a class=\"e-gallery-item elementor-gallery-item elementor-animated-content\" href=\"https:\/\/mlxzhmno1pbe.i.optimole.com\/QmuC8mA-LHyuaQKe\/w:auto\/h:auto\/q:auto\/https:\/\/www.soniadabin.fr\/wp-content\/uploads\/2022\/09\/20220504SoniaDabinCamionPHOTO-1605-Large.png\" data-elementor-open-lightbox=\"yes\" data-elementor-lightbox-slideshow=\"c32f0cd\" data-elementor-lightbox-title=\"SONIA DABIN. DESIGN &amp; DECORATION\" data-e-action-hash=\"#elementor-action%3Aaction%3Dlightbox%26settings%3DeyJpZCI6MzgxOCwidXJsIjoiaHR0cHM6XC9cL3d3dy5zb25pYWRhYmluLmZyXC93cC1jb250ZW50XC91cGxvYWRzXC8yMDIyXC8wOVwvMjAyMjA1MDRTb25pYURhYmluQ2FtaW9uUEhPVE8tMTYwNS1MYXJnZS5wbmciLCJzbGlkZXNob3ciOiJjMzJmMGNkIn0%3D\">\n\t\t\t\t\t<div class=\"e-gallery-image elementor-gallery-item__image\" data-thumbnail=\"https:\/\/mlxzhmno1pbe.i.optimole.com\/QmuC8mA-LHyuaQKe\/w:300\/h:200\/q:auto\/https:\/\/www.soniadabin.fr\/wp-content\/uploads\/2022\/09\/20220504SoniaDabinCamionPHOTO-1605-Large.png\" data-width=\"300\" data-height=\"200\" aria-label=\"\" role=\"img\" ><\/div>\n\t\t\t\t\t\t\t\t\t\t\t\t\t\t<\/a>\n\t\t\t\t\t\t\t<a class=\"e-gallery-item elementor-gallery-item elementor-animated-content\" href=\"https:\/\/mlxzhmno1pbe.i.optimole.com\/QmuC8mA-oo0oOZN8\/w:auto\/h:auto\/q:auto\/https:\/\/www.soniadabin.fr\/wp-content\/uploads\/2022\/09\/20220504SoniaDabinCamionPHOTO-1679-Large.png\" data-elementor-open-lightbox=\"yes\" data-elementor-lightbox-slideshow=\"c32f0cd\" data-elementor-lightbox-title=\"Sonia Dabin D\u00e9coratrice Dinannaise dans son camion\/bureau d&#039;\u00e9tude itin\u00e9rant\" data-elementor-lightbox-description=\"Sonia Dabin Decoratrice Dinan dans son camion\/bureau d&#039;\u00e9tude itin\u00e9rant \" data-e-action-hash=\"#elementor-action%3Aaction%3Dlightbox%26settings%3DeyJpZCI6MzgyMSwidXJsIjoiaHR0cHM6XC9cL3d3dy5zb25pYWRhYmluLmZyXC93cC1jb250ZW50XC91cGxvYWRzXC8yMDIyXC8wOVwvMjAyMjA1MDRTb25pYURhYmluQ2FtaW9uUEhPVE8tMTY3OS1MYXJnZS5wbmciLCJzbGlkZXNob3ciOiJjMzJmMGNkIn0%3D\">\n\t\t\t\t\t<div class=\"e-gallery-image elementor-gallery-item__image\" data-thumbnail=\"https:\/\/mlxzhmno1pbe.i.optimole.com\/QmuC8mA-oo0oOZN8\/w:300\/h:200\/q:auto\/https:\/\/www.soniadabin.fr\/wp-content\/uploads\/2022\/09\/20220504SoniaDabinCamionPHOTO-1679-Large.png\" data-width=\"300\" data-height=\"200\" aria-label=\"Sonia Dabin D\u00e9coratrice Dinannaise dans son camion\/bureau d&#039;\u00e9tude itin\u00e9rant\" role=\"img\" ><\/div>\n\t\t\t\t\t\t\t\t\t\t\t\t\t\t<\/a>\n\t\t\t\t\t\t\t<a class=\"e-gallery-item elementor-gallery-item elementor-animated-content\" href=\"https:\/\/mlxzhmno1pbe.i.optimole.com\/QmuC8mA-ixymRPdO\/w:auto\/h:auto\/q:auto\/https:\/\/www.soniadabin.fr\/wp-content\/uploads\/2022\/09\/20220504SoniaDabinCamionPHOTO-1648-scaled.jpg\" data-elementor-open-lightbox=\"yes\" data-elementor-lightbox-slideshow=\"c32f0cd\" data-elementor-lightbox-title=\"SONIA DABIN. DESIGN &amp; DECORATION\" data-e-action-hash=\"#elementor-action%3Aaction%3Dlightbox%26settings%3DeyJpZCI6MzgxNiwidXJsIjoiaHR0cHM6XC9cL3d3dy5zb25pYWRhYmluLmZyXC93cC1jb250ZW50XC91cGxvYWRzXC8yMDIyXC8wOVwvMjAyMjA1MDRTb25pYURhYmluQ2FtaW9uUEhPVE8tMTY0OC1zY2FsZWQuanBnIiwic2xpZGVzaG93IjoiYzMyZjBjZCJ9\">\n\t\t\t\t\t<div class=\"e-gallery-image elementor-gallery-item__image\" data-thumbnail=\"https:\/\/mlxzhmno1pbe.i.optimole.com\/QmuC8mA-LT-bWwbI\/w:300\/h:179\/q:auto\/https:\/\/www.soniadabin.fr\/wp-content\/uploads\/2022\/09\/20220504SoniaDabinCamionPHOTO-1648.jpg\" data-width=\"300\" data-height=\"179\" aria-label=\"\" role=\"img\" ><\/div>\n\t\t\t\t\t\t\t\t\t\t\t\t\t\t<\/a>\n\t\t\t\t\t\t\t<a class=\"e-gallery-item elementor-gallery-item elementor-animated-content\" href=\"https:\/\/mlxzhmno1pbe.i.optimole.com\/QmuC8mA-MtT3JiiZ\/w:auto\/h:auto\/q:auto\/https:\/\/www.soniadabin.fr\/wp-content\/uploads\/2022\/09\/20220504SoniaDabinCamionPHOTO-1617-scaled.jpg\" data-elementor-open-lightbox=\"yes\" data-elementor-lightbox-slideshow=\"c32f0cd\" data-elementor-lightbox-title=\"Sonia Dabin D\u00e9coratrice Dinannaise dans son camion\/bureau d&#039;\u00e9tude itin\u00e9rant\" data-elementor-lightbox-description=\"Sonia Dabin D\u00e9coratrice Dinannaise dans son camion\/bureau d&#039;\u00e9tude itin\u00e9rant \" data-e-action-hash=\"#elementor-action%3Aaction%3Dlightbox%26settings%3DeyJpZCI6MzgxMiwidXJsIjoiaHR0cHM6XC9cL3d3dy5zb25pYWRhYmluLmZyXC93cC1jb250ZW50XC91cGxvYWRzXC8yMDIyXC8wOVwvMjAyMjA1MDRTb25pYURhYmluQ2FtaW9uUEhPVE8tMTYxNy1zY2FsZWQuanBnIiwic2xpZGVzaG93IjoiYzMyZjBjZCJ9\">\n\t\t\t\t\t<div class=\"e-gallery-image elementor-gallery-item__image\" data-thumbnail=\"https:\/\/mlxzhmno1pbe.i.optimole.com\/QmuC8mA-rPVqizu4\/w:300\/h:183\/q:auto\/https:\/\/www.soniadabin.fr\/wp-content\/uploads\/2022\/09\/20220504SoniaDabinCamionPHOTO-1617.jpg\" data-width=\"300\" data-height=\"183\" aria-label=\"Sonia Dabin D\u00e9coratrice Dinannaise dans son camion\/bureau d&#039;\u00e9tude itin\u00e9rant\" role=\"img\" ><\/div>\n\t\t\t\t\t\t\t\t\t\t\t\t\t\t<\/a>\n\t\t\t\t\t<\/div>\n\t\t\t\t\t<\/div>\n\t\t\t\t\t<\/div>\n\t\t<\/div>\n\t\t\t\t\t<\/div>\n\t\t<\/section>\n\t\t\t\t<\/div>\n\t\t","protected":false},"excerpt":{"rendered":"<p>Avec vous, de l\u2019id\u00e9e \u00e0 la r\u00e9alisation en Pays de Rance &#8211; Emeraude. T\u00e9l\u00e9phone 06 28 73 29 27 Email info@soniadabin.fr Facebook Instagram Ensemble, d\u00e9roulement Ensemble, d\u00e9roulement 1. Prise de contact et \u00e9change t\u00e9l\u00e9phonique. 2. Rendez-vous&nbsp;chez vous. &#8211;&nbsp;Analyse de l\u2019espace. &#8211; Echanges sur vos attentes, vos go\u00fbts, vos id\u00e9es, votre budget. &#8211; Discussion autour des [&hellip;]<\/p>\n","protected":false},"author":1,"featured_media":0,"parent":0,"menu_order":0,"comment_status":"closed","ping_status":"closed","template":"elementor_header_footer","meta":{"footnotes":""},"class_list":["post-199","page","type-page","status-publish","hentry","entry"],"_links":{"self":[{"href":"https:\/\/www.soniadabin.fr\/index.php?rest_route=\/wp\/v2\/pages\/199","targetHints":{"allow":["GET"]}}],"collection":[{"href":"https:\/\/www.soniadabin.fr\/index.php?rest_route=\/wp\/v2\/pages"}],"about":[{"href":"https:\/\/www.soniadabin.fr\/index.php?rest_route=\/wp\/v2\/types\/page"}],"author":[{"embeddable":true,"href":"https:\/\/www.soniadabin.fr\/index.php?rest_route=\/wp\/v2\/users\/1"}],"replies":[{"embeddable":true,"href":"https:\/\/www.soniadabin.fr\/index.php?rest_route=%2Fwp%2Fv2%2Fcomments&post=199"}],"version-history":[{"count":255,"href":"https:\/\/www.soniadabin.fr\/index.php?rest_route=\/wp\/v2\/pages\/199\/revisions"}],"predecessor-version":[{"id":4015,"href":"https:\/\/www.soniadabin.fr\/index.php?rest_route=\/wp\/v2\/pages\/199\/revisions\/4015"}],"wp:attachment":[{"href":"https:\/\/www.soniadabin.fr\/index.php?rest_route=%2Fwp%2Fv2%2Fmedia&parent=199"}],"curies":[{"name":"wp","href":"https:\/\/api.w.org\/{rel}","templated":true}]}}