{"id":3754,"date":"2022-09-06T20:01:22","date_gmt":"2022-09-06T18:01:22","guid":{"rendered":"https:\/\/www.soniadabin.fr\/?page_id=3754"},"modified":"2022-09-26T22:32:47","modified_gmt":"2022-09-26T20:32:47","slug":"politique-de-confidentialite","status":"publish","type":"page","link":"https:\/\/www.soniadabin.fr\/?page_id=3754","title":{"rendered":"Politique de confidentialit\u00e9"},"content":{"rendered":"\t\t<div data-elementor-type=\"wp-page\" data-elementor-id=\"3754\" class=\"elementor elementor-3754\" data-elementor-post-type=\"page\">\n\t\t\t\t\t\t<section class=\"elementor-section elementor-top-section elementor-element elementor-element-24c7aea elementor-section-boxed elementor-section-height-default elementor-section-height-default\" data-id=\"24c7aea\" data-element_type=\"section\">\n\t\t\t\t\t\t<div class=\"elementor-container elementor-column-gap-default\">\n\t\t\t\t\t<div class=\"elementor-column elementor-col-100 elementor-top-column elementor-element elementor-element-12ae7e2\" data-id=\"12ae7e2\" data-element_type=\"column\">\n\t\t\t<div class=\"elementor-widget-wrap elementor-element-populated\">\n\t\t\t\t\t\t<div class=\"elementor-element elementor-element-e2a6de5 elementor-widget elementor-widget-text-editor\" data-id=\"e2a6de5\" data-element_type=\"widget\" data-widget_type=\"text-editor.default\">\n\t\t\t\t\t\t\t\t\t<p><strong>Finalit\u00e9 du site<\/strong><\/p><p>Communiquer avec ses prospects\/clients, vendre un ou plusieurs produits et\/ou services.<\/p><p><strong>Contexte d\u2019utilisation<\/strong><\/p><p>La plateforme utilis\u00e9e pour le site www.soniadabin.fr est le CMS OpenSource WordPress version compl\u00e8te. Le CMS WordPress est install\u00e9 sur un h\u00e9bergement d\u2019un prestataire ext\u00e9rieur.\u00a0<\/p><p><strong>Cordonn\u00e9es de l\u2019h\u00e9bergeur :<\/strong><\/p><p>Gandi 63-65<\/p><p>Bd Mass\u00e9na<\/p><p>75013 Paris<\/p><div class=\"Z1hOCe\"><div class=\"zloOqf PZPZlf\" data-dtype=\"d3ifr\" data-local-attribute=\"d3adr\" data-ved=\"2ahUKEwje8MOI5YD6AhWKOuwKHdw-C9MQghwoAHoECHYQAQ\"><span class=\"LrzXr\">France<\/span><\/div><div data-dtype=\"d3ifr\" data-local-attribute=\"d3adr\" data-ved=\"2ahUKEwje8MOI5YD6AhWKOuwKHdw-C9MQghwoAHoECHYQAQ\">\u00a0<\/div><div class=\"zloOqf PZPZlf\" data-dtype=\"d3ifr\" data-local-attribute=\"d3adr\" data-ved=\"2ahUKEwje8MOI5YD6AhWKOuwKHdw-C9MQghwoAHoECHYQAQ\"><strong>Informatique, fichiers et libert\u00e9s<\/strong><\/div><div data-dtype=\"d3ifr\" data-local-attribute=\"d3adr\" data-ved=\"2ahUKEwje8MOI5YD6AhWKOuwKHdw-C9MQghwoAHoECHYQAQ\">\u00a0<\/div><\/div><p>La SAS SONIA DABIN DESIGN &amp; DECORATION\u00a0respecte les dispositions protectrices des droits de l\u2019homme et des libert\u00e9s fondamentales, la protection des donn\u00e9es \u00e0 caract\u00e8re personnel et leur libre circulation ainsi que la Directive communautaire n\u00b0 95\/46 et la loi n\u00b0 78-17 du 6 janvier 1978 modifi\u00e9e en 2004\u00a0relative \u00e0 l\u2019informatique, aux fichiers et aux libert\u00e9s.<br \/>L\u2019utilisateur est notamment inform\u00e9 que, conform\u00e9ment \u00e0 l\u2019article 27 de la loi n\u00b078-17 du 6 janvier 1978 modifi\u00e9e en 2004, relative \u00e0 l\u2019informatique, aux fichiers et aux libert\u00e9s, il b\u00e9n\u00e9ficie d\u2019un droit individuel d\u2019acc\u00e8s, de rectification et de suppression des informations personnelles le concernant.<\/p><p>Ce droit peut \u00eatre exerc\u00e9 par courrier \u00e9lectronique ou par courrier postal adress\u00e9 \u00e0 :\u00a0SAS SONIA DABIN DESIGN &amp; DECORATION &#8211; 8 rue Bel\u00eatre Viel &#8211; 22100 DINAN<\/p><p>Protection des donn\u00e9es \u00e0 caract\u00e8re personnel<\/p><p>En application de la loi n\u00b078-17 du 6 janvier 1978 modifi\u00e9e relative \u00e0 l\u2019informatique, aux fichiers et aux libert\u00e9s, et du r\u00e8glement europ\u00e9en li\u00e9\u00a0au RGDP, Votre entreprise informe l\u2019utilisateur qu\u2019il respecte la confidentialit\u00e9, l\u2019int\u00e9grit\u00e9 et la s\u00e9curit\u00e9 des donn\u00e9es que l\u2019utilisateur sera amen\u00e9 \u00e0 lui communiquer.<br \/>Toute donn\u00e9e \u00e0 caract\u00e8re personnel vous identifiant directement ; notamment nom, pr\u00e9nom, coordonn\u00e9es postales, \u00e9lectroniques, t\u00e9l\u00e9phoniques, ou indirectement ; traces informatiques laiss\u00e9es par votre navigation sur le Site, adresse IP (adresse virtuelle de l\u2019ordinateur), sont consid\u00e9r\u00e9es comme des donn\u00e9es \u00e0 caract\u00e8re personnel et sont trait\u00e9es comme telles, sous r\u00e9serve de l\u2019\u00e9volution du cadre l\u00e9gal sur la qualification de donn\u00e9e \u00e0 caract\u00e8re personnel.<\/p>\t\t\t\t\t\t\t\t<\/div>\n\t\t\t\t\t<\/div>\n\t\t<\/div>\n\t\t\t\t\t<\/div>\n\t\t<\/section>\n\t\t\t\t<\/div>\n\t\t","protected":false},"excerpt":{"rendered":"<p>Finalit\u00e9 du site Communiquer avec ses prospects\/clients, vendre un ou plusieurs produits et\/ou services. Contexte d\u2019utilisation La plateforme utilis\u00e9e pour le site www.soniadabin.fr est le CMS OpenSource WordPress version compl\u00e8te. Le CMS WordPress est install\u00e9 sur un h\u00e9bergement d\u2019un prestataire ext\u00e9rieur.\u00a0 Cordonn\u00e9es de l\u2019h\u00e9bergeur : Gandi 63-65 Bd Mass\u00e9na 75013 Paris France\u00a0Informatique, fichiers et libert\u00e9s\u00a0 [&hellip;]<\/p>\n","protected":false},"author":1,"featured_media":0,"parent":0,"menu_order":0,"comment_status":"closed","ping_status":"closed","template":"","meta":{"footnotes":""},"class_list":["post-3754","page","type-page","status-publish","hentry","entry"],"_links":{"self":[{"href":"https:\/\/www.soniadabin.fr\/index.php?rest_route=\/wp\/v2\/pages\/3754","targetHints":{"allow":["GET"]}}],"collection":[{"href":"https:\/\/www.soniadabin.fr\/index.php?rest_route=\/wp\/v2\/pages"}],"about":[{"href":"https:\/\/www.soniadabin.fr\/index.php?rest_route=\/wp\/v2\/types\/page"}],"author":[{"embeddable":true,"href":"https:\/\/www.soniadabin.fr\/index.php?rest_route=\/wp\/v2\/users\/1"}],"replies":[{"embeddable":true,"href":"https:\/\/www.soniadabin.fr\/index.php?rest_route=%2Fwp%2Fv2%2Fcomments&post=3754"}],"version-history":[{"count":16,"href":"https:\/\/www.soniadabin.fr\/index.php?rest_route=\/wp\/v2\/pages\/3754\/revisions"}],"predecessor-version":[{"id":3777,"href":"https:\/\/www.soniadabin.fr\/index.php?rest_route=\/wp\/v2\/pages\/3754\/revisions\/3777"}],"wp:attachment":[{"href":"https:\/\/www.soniadabin.fr\/index.php?rest_route=%2Fwp%2Fv2%2Fmedia&parent=3754"}],"curies":[{"name":"wp","href":"https:\/\/api.w.org\/{rel}","templated":true}]}}