{"id":3830,"date":"2022-09-27T00:13:16","date_gmt":"2022-09-26T22:13:16","guid":{"rendered":"https:\/\/www.soniadabin.fr\/?page_id=3830"},"modified":"2025-01-07T17:46:05","modified_gmt":"2025-01-07T16:46:05","slug":"press","status":"publish","type":"page","link":"https:\/\/www.soniadabin.fr\/?page_id=3830","title":{"rendered":"PRESSE"},"content":{"rendered":"\t\t<div data-elementor-type=\"wp-page\" data-elementor-id=\"3830\" class=\"elementor elementor-3830\" data-elementor-post-type=\"page\">\n\t\t\t\t\t\t<section class=\"elementor-section elementor-top-section elementor-element elementor-element-5d7d3c8 elementor-section-boxed elementor-section-height-default elementor-section-height-default\" data-id=\"5d7d3c8\" data-element_type=\"section\">\n\t\t\t\t\t\t<div class=\"elementor-container elementor-column-gap-default\">\n\t\t\t\t\t<div class=\"elementor-column elementor-col-50 elementor-top-column elementor-element elementor-element-b329e7e\" data-id=\"b329e7e\" data-element_type=\"column\" data-settings=\"{&quot;background_background&quot;:&quot;classic&quot;}\">\n\t\t\t<div class=\"elementor-widget-wrap elementor-element-populated\">\n\t\t\t\t\t\t<div class=\"elementor-element elementor-element-6f5c023b elementor-hidden-mobile elementor-widget-divider--view-line elementor-widget elementor-widget-divider\" data-id=\"6f5c023b\" data-element_type=\"widget\" data-widget_type=\"divider.default\">\n\t\t\t\t\t\t\t<div class=\"elementor-divider\">\n\t\t\t<span class=\"elementor-divider-separator\">\n\t\t\t\t\t\t<\/span>\n\t\t<\/div>\n\t\t\t\t\t\t<\/div>\n\t\t\t\t<div class=\"elementor-element elementor-element-6ade19b elementor-hidden-tablet elementor-hidden-mobile elementor-widget elementor-widget-spacer\" data-id=\"6ade19b\" data-element_type=\"widget\" data-widget_type=\"spacer.default\">\n\t\t\t\t<div class=\"elementor-widget-container\">\n\t\t\t\t\t\t\t<div class=\"elementor-spacer\">\n\t\t\t<div class=\"elementor-spacer-inner\"><\/div>\n\t\t<\/div>\n\t\t\t\t\t\t<\/div>\n\t\t\t\t<\/div>\n\t\t\t\t<div class=\"elementor-element elementor-element-88fb823 elementor-widget__width-initial elementor-widget elementor-widget-heading\" data-id=\"88fb823\" data-element_type=\"widget\" data-widget_type=\"heading.default\">\n\t\t\t\t\t<h4 class=\"elementor-heading-title elementor-size-default\"><b>Le T\u00e9l\u00e9gramme.<\/b> \u00c0 Dinan, Sonia Dabin lance son \u00ab d\u00e9co-truck \u00bb sur les routes de la cr\u00e9ativit\u00e9.\n<\/h4>\t\t\t\t<\/div>\n\t\t\t\t<div class=\"elementor-element elementor-element-943a078 elementor-widget__width-initial e-transform elementor-widget elementor-widget-heading\" data-id=\"943a078\" data-element_type=\"widget\" data-settings=\"{&quot;_transform_scale_effect_hover&quot;:{&quot;unit&quot;:&quot;px&quot;,&quot;size&quot;:1.1,&quot;sizes&quot;:[]},&quot;_transform_scale_effect_hover_tablet&quot;:{&quot;unit&quot;:&quot;px&quot;,&quot;size&quot;:&quot;&quot;,&quot;sizes&quot;:[]},&quot;_transform_scale_effect_hover_mobile&quot;:{&quot;unit&quot;:&quot;px&quot;,&quot;size&quot;:&quot;&quot;,&quot;sizes&quot;:[]}}\" data-widget_type=\"heading.default\">\n\t\t\t\t\t<h4 class=\"elementor-heading-title elementor-size-default\"><a href=\"https:\/\/www.letelegramme.fr\/cotes-darmor\/dinan\/a-dinan-sonia-dabin-lance-son-deco-truck-sur-les-routes-de-la-creativite-25-05-2022-13042284.php\" target=\"_blank\">Lire l'article ici<\/a><\/h4>\t\t\t\t<\/div>\n\t\t\t\t<div class=\"elementor-element elementor-element-45304bc elementor-widget elementor-widget-image\" data-id=\"45304bc\" data-element_type=\"widget\" data-widget_type=\"image.default\">\n\t\t\t\t\t\t\t\t\t\t\t\t\t\t\t\t<a href=\"https:\/\/www.letelegramme.fr\/cotes-darmor\/dinan\/a-dinan-sonia-dabin-lance-son-deco-truck-sur-les-routes-de-la-creativite-25-05-2022-13042284.php\" target=\"_blank\">\n\t\t\t\t\t\t\t<img fetchpriority=\"high\" decoding=\"async\" width=\"707\" height=\"1001\" src=\"https:\/\/mlxzhmno1pbe.i.optimole.com\/QmuC8mA-ikLSgh_z\/w:auto\/h:auto\/q:auto\/https:\/\/www.soniadabin.fr\/wp-content\/uploads\/2023\/01\/IMG_8372-copy.jpg\" class=\"attachment-large size-large wp-image-3874\" alt=\"\" \/>\t\t\t\t\t\t\t\t<\/a>\n\t\t\t\t\t\t\t\t\t\t\t\t\t\t\t<\/div>\n\t\t\t\t\t<\/div>\n\t\t<\/div>\n\t\t\t\t<div class=\"elementor-column elementor-col-50 elementor-top-column elementor-element elementor-element-4c9aec35\" data-id=\"4c9aec35\" data-element_type=\"column\">\n\t\t\t<div class=\"elementor-widget-wrap elementor-element-populated\">\n\t\t\t\t\t\t<div class=\"elementor-element elementor-element-124f606e elementor-widget__width-initial elementor-hidden-tablet elementor-hidden-mobile elementor-invisible elementor-widget elementor-widget-heading\" data-id=\"124f606e\" data-element_type=\"widget\" data-settings=\"{&quot;_animation&quot;:&quot;slideInRight&quot;}\" data-widget_type=\"heading.default\">\n\t\t\t\t\t<h4 class=\"elementor-heading-title elementor-size-default\"><b>Les m\u00e9dias en parlent...<\/b> <\/h4>\t\t\t\t<\/div>\n\t\t\t\t<div class=\"elementor-element elementor-element-c83da84 elementor-hidden-tablet elementor-hidden-mobile elementor-widget elementor-widget-spacer\" data-id=\"c83da84\" data-element_type=\"widget\" data-widget_type=\"spacer.default\">\n\t\t\t\t<div class=\"elementor-widget-container\">\n\t\t\t\t\t\t\t<div class=\"elementor-spacer\">\n\t\t\t<div class=\"elementor-spacer-inner\"><\/div>\n\t\t<\/div>\n\t\t\t\t\t\t<\/div>\n\t\t\t\t<\/div>\n\t\t\t\t<div class=\"elementor-element elementor-element-52481fb4 elementor-widget__width-initial elementor-widget elementor-widget-heading\" data-id=\"52481fb4\" data-element_type=\"widget\" data-widget_type=\"heading.default\">\n\t\t\t\t\t<h4 class=\"elementor-heading-title elementor-size-default\"><b>Ouest-France.<\/b> Dinan, avec son camion, la d\u00e9coratrice Sonia Dabin conseille ses clients chez eux.\n<\/h4>\t\t\t\t<\/div>\n\t\t\t\t<div class=\"elementor-element elementor-element-1d246ed elementor-widget__width-initial e-transform elementor-widget elementor-widget-heading\" data-id=\"1d246ed\" data-element_type=\"widget\" data-settings=\"{&quot;_transform_scale_effect_hover&quot;:{&quot;unit&quot;:&quot;px&quot;,&quot;size&quot;:1.1,&quot;sizes&quot;:[]},&quot;_transform_scale_effect_hover_tablet&quot;:{&quot;unit&quot;:&quot;px&quot;,&quot;size&quot;:&quot;&quot;,&quot;sizes&quot;:[]},&quot;_transform_scale_effect_hover_mobile&quot;:{&quot;unit&quot;:&quot;px&quot;,&quot;size&quot;:&quot;&quot;,&quot;sizes&quot;:[]}}\" data-widget_type=\"heading.default\">\n\t\t\t\t\t<h4 class=\"elementor-heading-title elementor-size-default\"><a href=\"https:\/\/www.ouest-france.fr\/bretagne\/dinan-22100\/dinan-avec-son-camion-la-decoratrice-sonia-dabin-conseille-ses-clients-chez-eux-eaf51286-ee4f-11ec-a52e-44edc7039e9e\" target=\"_blank\">Lire l'article ici<\/a><\/h4>\t\t\t\t<\/div>\n\t\t\t\t<div class=\"elementor-element elementor-element-8c9e6e4 elementor-widget elementor-widget-image\" data-id=\"8c9e6e4\" data-element_type=\"widget\" data-widget_type=\"image.default\">\n\t\t\t\t\t\t\t\t\t\t\t\t\t\t\t\t<a href=\"https:\/\/www.ouest-france.fr\/bretagne\/dinan-22100\/dinan-avec-son-camion-la-decoratrice-sonia-dabin-conseille-ses-clients-chez-eux-eaf51286-ee4f-11ec-a52e-44edc7039e9e\" target=\"_blank\">\n\t\t\t\t\t\t\t<img decoding=\"async\" width=\"1024\" height=\"998\" src=\"https:\/\/mlxzhmno1pbe.i.optimole.com\/QmuC8mA-gvpA7jfF\/w:auto\/h:auto\/q:auto\/https:\/\/www.soniadabin.fr\/wp-content\/uploads\/2023\/01\/Screenshot-2022-09-27-at-00.37.08-copy.jpg\" class=\"attachment-large size-large wp-image-3875\" alt=\"image descriptive\" \/>\t\t\t\t\t\t\t\t<\/a>\n\t\t\t\t\t\t\t\t\t\t\t\t\t\t\t<\/div>\n\t\t\t\t\t<\/div>\n\t\t<\/div>\n\t\t\t\t\t<\/div>\n\t\t<\/section>\n\t\t\t\t<\/div>\n\t\t","protected":false},"excerpt":{"rendered":"<p>Le T\u00e9l\u00e9gramme. \u00c0 Dinan, Sonia Dabin lance son \u00ab d\u00e9co-truck \u00bb sur les routes de la cr\u00e9ativit\u00e9. Lire l&#8217;article ici Les m\u00e9dias en parlent&#8230; Ouest-France. Dinan, avec son camion, la d\u00e9coratrice Sonia Dabin conseille ses clients chez eux. Lire l&#8217;article ici<\/p>\n","protected":false},"author":1,"featured_media":0,"parent":0,"menu_order":0,"comment_status":"closed","ping_status":"closed","template":"elementor_header_footer","meta":{"footnotes":""},"class_list":["post-3830","page","type-page","status-publish","hentry","entry"],"_links":{"self":[{"href":"https:\/\/www.soniadabin.fr\/index.php?rest_route=\/wp\/v2\/pages\/3830","targetHints":{"allow":["GET"]}}],"collection":[{"href":"https:\/\/www.soniadabin.fr\/index.php?rest_route=\/wp\/v2\/pages"}],"about":[{"href":"https:\/\/www.soniadabin.fr\/index.php?rest_route=\/wp\/v2\/types\/page"}],"author":[{"embeddable":true,"href":"https:\/\/www.soniadabin.fr\/index.php?rest_route=\/wp\/v2\/users\/1"}],"replies":[{"embeddable":true,"href":"https:\/\/www.soniadabin.fr\/index.php?rest_route=%2Fwp%2Fv2%2Fcomments&post=3830"}],"version-history":[{"count":66,"href":"https:\/\/www.soniadabin.fr\/index.php?rest_route=\/wp\/v2\/pages\/3830\/revisions"}],"predecessor-version":[{"id":4088,"href":"https:\/\/www.soniadabin.fr\/index.php?rest_route=\/wp\/v2\/pages\/3830\/revisions\/4088"}],"wp:attachment":[{"href":"https:\/\/www.soniadabin.fr\/index.php?rest_route=%2Fwp%2Fv2%2Fmedia&parent=3830"}],"curies":[{"name":"wp","href":"https:\/\/api.w.org\/{rel}","templated":true}]}}